{"id":219,"date":"2026-03-27T11:19:32","date_gmt":"2026-03-27T11:19:32","guid":{"rendered":"https:\/\/coffeecat.azdigi.shop\/?post_type=product&#038;p=219"},"modified":"2026-04-12T03:52:17","modified_gmt":"2026-04-12T03:52:17","slug":"moc-khoa","status":"publish","type":"product","link":"https:\/\/coffeecat.azdigi.shop\/index.php\/product\/moc-khoa\/","title":{"rendered":"M\u00f3c Kh\u00f3a"},"content":{"rendered":"<p>M\u00f3c kh\u00f3a l\u00e0 m\u1ed9t ph\u1ee5 ki\u1ec7n nh\u1ecf g\u1ecdn nh\u01b0ng v\u00f4 c\u00f9ng ti\u1ec7n d\u1ee5ng trong cu\u1ed9c s\u1ed1ng h\u00e0ng ng\u00e0y. Kh\u00f4ng ch\u1ec9 gi\u00fap b\u1ea1n gi\u1eef v\u00e0 s\u1eafp x\u1ebfp ch\u00eca kh\u00f3a g\u1ecdn g\u00e0ng, m\u00f3c kh\u00f3a c\u00f2n l\u00e0 m\u00f3n \u0111\u1ed3 trang tr\u00ed th\u1ec3 hi\u1ec7n c\u00e1 t\u00ednh v\u00e0 phong c\u00e1ch ri\u00eang. V\u1edbi thi\u1ebft k\u1ebf \u0111a d\u1ea1ng, t\u1eeb d\u1ec5 th\u01b0\u01a1ng, \u0111\u01a1n gi\u1ea3n \u0111\u1ebfn c\u00e1 t\u00ednh, s\u00e1ng t\u1ea1o, m\u00f3c kh\u00f3a ph\u00f9 h\u1ee3p v\u1edbi nhi\u1ec1u \u0111\u1ed1i t\u01b0\u1ee3ng nh\u01b0 h\u1ecdc sinh, sinh vi\u00ean, nh\u00e2n vi\u00ean v\u0103n ph\u00f2ng hay b\u1ea5t k\u1ef3 ai y\u00eau th\u00edch nh\u1eefng m\u00f3n \u0111\u1ed3 nh\u1ecf xinh.<\/p>\n<p>S\u1ea3n ph\u1ea9m th\u01b0\u1eddng \u0111\u01b0\u1ee3c l\u00e0m t\u1eeb nhi\u1ec1u ch\u1ea5t li\u1ec7u kh\u00e1c nhau nh\u01b0 nh\u1ef1a, cao su, kim lo\u1ea1i, v\u1ea3i ho\u1eb7c da, m\u1ed7i lo\u1ea1i \u0111\u1ec1u c\u00f3 nh\u1eefng \u01b0u \u0111i\u1ec3m ri\u00eang. Ch\u1ea5t li\u1ec7u b\u1ec1n b\u1ec9 gi\u00fap m\u00f3c kh\u00f3a c\u00f3 th\u1ec3 s\u1eed d\u1ee5ng l\u00e2u d\u00e0i m\u00e0 kh\u00f4ng b\u1ecb h\u01b0 h\u1ecfng. Ph\u1ea7n m\u00f3c kim lo\u1ea1i ch\u1eafc ch\u1eafn gi\u00fap gi\u1eef ch\u00eca kh\u00f3a an to\u00e0n, tr\u00e1nh r\u01a1i m\u1ea5t trong qu\u00e1 tr\u00ecnh s\u1eed d\u1ee5ng. Ngo\u00e0i ra, k\u00edch th\u01b0\u1edbc nh\u1ecf g\u1ecdn gi\u00fap b\u1ea1n d\u1ec5 d\u00e0ng mang theo b\u00ean m\u00ecnh ho\u1eb7c treo v\u00e0o balo, t\u00fai x\u00e1ch m\u00e0 kh\u00f4ng g\u00e2y v\u01b0\u1edbng v\u00edu.<\/p>\n<p>M\u1ed9t trong nh\u1eefng \u0111i\u1ec3m n\u1ed5i b\u1eadt c\u1ee7a m\u00f3c kh\u00f3a l\u00e0 t\u00ednh th\u1ea9m m\u1ef9 cao. Nhi\u1ec1u m\u1eabu \u0111\u01b0\u1ee3c thi\u1ebft k\u1ebf v\u1edbi h\u00ecnh d\u00e1ng \u0111\u00e1ng y\u00eau nh\u01b0 \u0111\u1ed9ng v\u1eadt, nh\u00e2n v\u1eadt ho\u1ea1t h\u00ecnh, \u0111\u1ed3 \u0103n ho\u1eb7c c\u00e1c bi\u1ec3u t\u01b0\u1ee3ng d\u1ec5 th\u01b0\u01a1ng. \u0110i\u1ec1u n\u00e0y gi\u00fap m\u00f3n \u0111\u1ed3 tr\u1edf n\u00ean sinh \u0111\u1ed9ng v\u00e0 thu h\u00fat h\u01a1n. B\u1ea1n c\u00f3 th\u1ec3 l\u1ef1a ch\u1ecdn m\u1eabu m\u00f3c kh\u00f3a ph\u00f9 h\u1ee3p v\u1edbi s\u1edf th\u00edch c\u00e1 nh\u00e2n ho\u1eb7c d\u00f9ng \u0111\u1ec3 th\u1ec3 hi\u1ec7n phong c\u00e1ch ri\u00eang c\u1ee7a m\u00ecnh.<\/p>\n<p>Kh\u00f4ng ch\u1ec9 d\u00f9ng \u0111\u1ec3 treo ch\u00eca kh\u00f3a, s\u1ea3n ph\u1ea9m c\u00f2n c\u00f3 th\u1ec3 s\u1eed d\u1ee5ng nh\u01b0 m\u1ed9t ph\u1ee5 ki\u1ec7n trang tr\u00ed cho balo, t\u00fai x\u00e1ch ho\u1eb7c l\u00e0m qu\u00e0 t\u1eb7ng nh\u1ecf xinh cho b\u1ea1n b\u00e8, ng\u01b0\u1eddi th\u00e2n. V\u1edbi gi\u00e1 th\u00e0nh h\u1ee3p l\u00fd, m\u00f3c kh\u00f3a l\u00e0 l\u1ef1a ch\u1ecdn ph\u00f9 h\u1ee3p cho nh\u1eefng ai mu\u1ed1n t\u00ecm m\u1ed9t m\u00f3n qu\u00e0 \u0111\u01a1n gi\u1ea3n nh\u01b0ng v\u1eabn mang \u00fd ngh\u0129a.<\/p>\n<p>Ngo\u00e0i ra, m\u00f3c kh\u00f3a c\u00f2n gi\u00fap b\u1ea1n d\u1ec5 d\u00e0ng nh\u1eadn di\u1ec7n ch\u00eca kh\u00f3a c\u1ee7a m\u00ecnh, tr\u00e1nh nh\u1ea7m l\u1eabn v\u1edbi ng\u01b0\u1eddi kh\u00e1c. \u0110\u00e2y l\u00e0 m\u1ed9t chi ti\u1ebft nh\u1ecf nh\u01b0ng l\u1ea1i r\u1ea5t h\u1eefu \u00edch trong cu\u1ed9c s\u1ed1ng h\u00e0ng ng\u00e0y. M\u1ed9t chi\u1ebfc m\u00f3c kh\u00f3a \u0111\u1eb9p kh\u00f4ng ch\u1ec9 mang l\u1ea1i s\u1ef1 ti\u1ec7n l\u1ee3i m\u00e0 c\u00f2n gi\u00fap b\u1ea1n c\u1ea3m th\u1ea5y vui v\u1ebb h\u01a1n khi s\u1eed d\u1ee5ng.<\/p>\n","protected":false},"excerpt":{"rendered":"<p>M\u00f3c kh\u00f3a d\u1ec5 th\u01b0\u01a1ng, thi\u1ebft k\u1ebf \u0111a d\u1ea1ng, ch\u1ea5t li\u1ec7u b\u1ec1n \u0111\u1eb9p, ti\u1ec7n d\u1ee5ng treo ch\u00eca kh\u00f3a, balo, ph\u00f9 h\u1ee3p l\u00e0m qu\u00e0 t\u1eb7ng xinh x\u1eafn.<\/p>\n","protected":false},"featured_media":225,"comment_status":"open","ping_status":"closed","template":"","meta":[],"product_brand":[],"product_cat":[20],"product_tag":[],"class_list":{"0":"post-219","1":"product","2":"type-product","3":"status-publish","4":"has-post-thumbnail","6":"product_cat-uncategorized","8":"first","9":"instock","10":"shipping-taxable","11":"purchasable","12":"product-type-variable"},"yoast_head":"<!-- This site is optimized with the Yoast SEO plugin v26.8 - https:\/\/yoast.com\/product\/yoast-seo-wordpress\/ -->\n<title>M\u00f3c Kh\u00f3a - thuyngan.com<\/title>\n<meta name=\"description\" content=\"M\u00f3c kh\u00f3a d\u1ec5 th\u01b0\u01a1ng, thi\u1ebft k\u1ebf \u0111a d\u1ea1ng, ch\u1ea5t li\u1ec7u b\u1ec1n \u0111\u1eb9p, ti\u1ec7n d\u1ee5ng treo ch\u00eca kh\u00f3a, balo, ph\u00f9 h\u1ee3p l\u00e0m qu\u00e0 t\u1eb7ng xinh x\u1eafn t\u1eb7ng b\u1ea1n b\u00e8.\" \/>\n<meta name=\"robots\" content=\"noindex, follow, max-snippet:-1, max-image-preview:large, max-video-preview:-1\" \/>\n<meta property=\"og:locale\" content=\"vi_VN\" \/>\n<meta property=\"og:type\" content=\"article\" \/>\n<meta property=\"og:title\" content=\"M\u00f3c Kh\u00f3a - thuyngan.com\" \/>\n<meta property=\"og:description\" content=\"M\u00f3c kh\u00f3a d\u1ec5 th\u01b0\u01a1ng, thi\u1ebft k\u1ebf \u0111a d\u1ea1ng, ch\u1ea5t li\u1ec7u b\u1ec1n \u0111\u1eb9p, ti\u1ec7n d\u1ee5ng treo ch\u00eca kh\u00f3a, balo, ph\u00f9 h\u1ee3p l\u00e0m qu\u00e0 t\u1eb7ng xinh x\u1eafn t\u1eb7ng b\u1ea1n b\u00e8.\" \/>\n<meta property=\"og:url\" content=\"https:\/\/coffeecat.azdigi.shop\/index.php\/product\/moc-khoa\/\" \/>\n<meta property=\"og:site_name\" content=\"thuyngan.com\" \/>\n<meta property=\"article:modified_time\" content=\"2026-04-12T03:52:17+00:00\" \/>\n<meta property=\"og:image\" content=\"https:\/\/coffeecat.azdigi.shop\/wp-content\/uploads\/2026\/03\/z7664336686070_49beabd63634c446e959a8ade8a897f3.jpg\" \/>\n\t<meta property=\"og:image:width\" content=\"1286\" \/>\n\t<meta property=\"og:image:height\" content=\"1287\" \/>\n\t<meta property=\"og:image:type\" content=\"image\/jpeg\" \/>\n<meta name=\"twitter:card\" content=\"summary_large_image\" \/>\n<meta name=\"twitter:label1\" content=\"\u01af\u1edbc t\u00ednh th\u1eddi gian \u0111\u1ecdc\" \/>\n\t<meta name=\"twitter:data1\" content=\"3 ph\u00fat\" \/>\n<script type=\"application\/ld+json\" class=\"yoast-schema-graph\">{\"@context\":\"https:\/\/schema.org\",\"@graph\":[{\"@type\":\"WebPage\",\"@id\":\"https:\/\/coffeecat.azdigi.shop\/index.php\/product\/moc-khoa\/\",\"url\":\"https:\/\/coffeecat.azdigi.shop\/index.php\/product\/moc-khoa\/\",\"name\":\"M\u00f3c Kh\u00f3a - thuyngan.com\",\"isPartOf\":{\"@id\":\"https:\/\/coffeecat.azdigi.shop\/#website\"},\"primaryImageOfPage\":{\"@id\":\"https:\/\/coffeecat.azdigi.shop\/index.php\/product\/moc-khoa\/#primaryimage\"},\"image\":{\"@id\":\"https:\/\/coffeecat.azdigi.shop\/index.php\/product\/moc-khoa\/#primaryimage\"},\"thumbnailUrl\":\"https:\/\/coffeecat.azdigi.shop\/wp-content\/uploads\/2026\/03\/z7664336686070_49beabd63634c446e959a8ade8a897f3.jpg\",\"datePublished\":\"2026-03-27T11:19:32+00:00\",\"dateModified\":\"2026-04-12T03:52:17+00:00\",\"description\":\"M\u00f3c kh\u00f3a d\u1ec5 th\u01b0\u01a1ng, thi\u1ebft k\u1ebf \u0111a d\u1ea1ng, ch\u1ea5t li\u1ec7u b\u1ec1n \u0111\u1eb9p, ti\u1ec7n d\u1ee5ng treo ch\u00eca kh\u00f3a, balo, ph\u00f9 h\u1ee3p l\u00e0m qu\u00e0 t\u1eb7ng xinh x\u1eafn t\u1eb7ng b\u1ea1n b\u00e8.\",\"breadcrumb\":{\"@id\":\"https:\/\/coffeecat.azdigi.shop\/index.php\/product\/moc-khoa\/#breadcrumb\"},\"inLanguage\":\"vi\",\"potentialAction\":[{\"@type\":\"ReadAction\",\"target\":[\"https:\/\/coffeecat.azdigi.shop\/index.php\/product\/moc-khoa\/\"]}]},{\"@type\":\"ImageObject\",\"inLanguage\":\"vi\",\"@id\":\"https:\/\/coffeecat.azdigi.shop\/index.php\/product\/moc-khoa\/#primaryimage\",\"url\":\"https:\/\/coffeecat.azdigi.shop\/wp-content\/uploads\/2026\/03\/z7664336686070_49beabd63634c446e959a8ade8a897f3.jpg\",\"contentUrl\":\"https:\/\/coffeecat.azdigi.shop\/wp-content\/uploads\/2026\/03\/z7664336686070_49beabd63634c446e959a8ade8a897f3.jpg\",\"width\":1286,\"height\":1287},{\"@type\":\"BreadcrumbList\",\"@id\":\"https:\/\/coffeecat.azdigi.shop\/index.php\/product\/moc-khoa\/#breadcrumb\",\"itemListElement\":[{\"@type\":\"ListItem\",\"position\":1,\"name\":\"Home\",\"item\":\"https:\/\/coffeecat.azdigi.shop\/\"},{\"@type\":\"ListItem\",\"position\":2,\"name\":\"TRANG CH\u1ee6 1\",\"item\":\"https:\/\/coffeecat.azdigi.shop\/\"},{\"@type\":\"ListItem\",\"position\":3,\"name\":\"M\u00f3c Kh\u00f3a\"}]},{\"@type\":\"WebSite\",\"@id\":\"https:\/\/coffeecat.azdigi.shop\/#website\",\"url\":\"https:\/\/coffeecat.azdigi.shop\/\",\"name\":\"thuyngan.com\",\"description\":\"\",\"potentialAction\":[{\"@type\":\"SearchAction\",\"target\":{\"@type\":\"EntryPoint\",\"urlTemplate\":\"https:\/\/coffeecat.azdigi.shop\/?s={search_term_string}\"},\"query-input\":{\"@type\":\"PropertyValueSpecification\",\"valueRequired\":true,\"valueName\":\"search_term_string\"}}],\"inLanguage\":\"vi\"}]}<\/script>\n<!-- \/ Yoast SEO plugin. -->","yoast_head_json":{"title":"M\u00f3c Kh\u00f3a - thuyngan.com","description":"M\u00f3c kh\u00f3a d\u1ec5 th\u01b0\u01a1ng, thi\u1ebft k\u1ebf \u0111a d\u1ea1ng, ch\u1ea5t li\u1ec7u b\u1ec1n \u0111\u1eb9p, ti\u1ec7n d\u1ee5ng treo ch\u00eca kh\u00f3a, balo, ph\u00f9 h\u1ee3p l\u00e0m qu\u00e0 t\u1eb7ng xinh x\u1eafn t\u1eb7ng b\u1ea1n b\u00e8.","robots":{"index":"noindex","follow":"follow","max-snippet":"max-snippet:-1","max-image-preview":"max-image-preview:large","max-video-preview":"max-video-preview:-1"},"og_locale":"vi_VN","og_type":"article","og_title":"M\u00f3c Kh\u00f3a - thuyngan.com","og_description":"M\u00f3c kh\u00f3a d\u1ec5 th\u01b0\u01a1ng, thi\u1ebft k\u1ebf \u0111a d\u1ea1ng, ch\u1ea5t li\u1ec7u b\u1ec1n \u0111\u1eb9p, ti\u1ec7n d\u1ee5ng treo ch\u00eca kh\u00f3a, balo, ph\u00f9 h\u1ee3p l\u00e0m qu\u00e0 t\u1eb7ng xinh x\u1eafn t\u1eb7ng b\u1ea1n b\u00e8.","og_url":"https:\/\/coffeecat.azdigi.shop\/index.php\/product\/moc-khoa\/","og_site_name":"thuyngan.com","article_modified_time":"2026-04-12T03:52:17+00:00","og_image":[{"width":1286,"height":1287,"url":"https:\/\/coffeecat.azdigi.shop\/wp-content\/uploads\/2026\/03\/z7664336686070_49beabd63634c446e959a8ade8a897f3.jpg","type":"image\/jpeg"}],"twitter_card":"summary_large_image","twitter_misc":{"\u01af\u1edbc t\u00ednh th\u1eddi gian \u0111\u1ecdc":"3 ph\u00fat"},"schema":{"@context":"https:\/\/schema.org","@graph":[{"@type":"WebPage","@id":"https:\/\/coffeecat.azdigi.shop\/index.php\/product\/moc-khoa\/","url":"https:\/\/coffeecat.azdigi.shop\/index.php\/product\/moc-khoa\/","name":"M\u00f3c Kh\u00f3a - thuyngan.com","isPartOf":{"@id":"https:\/\/coffeecat.azdigi.shop\/#website"},"primaryImageOfPage":{"@id":"https:\/\/coffeecat.azdigi.shop\/index.php\/product\/moc-khoa\/#primaryimage"},"image":{"@id":"https:\/\/coffeecat.azdigi.shop\/index.php\/product\/moc-khoa\/#primaryimage"},"thumbnailUrl":"https:\/\/coffeecat.azdigi.shop\/wp-content\/uploads\/2026\/03\/z7664336686070_49beabd63634c446e959a8ade8a897f3.jpg","datePublished":"2026-03-27T11:19:32+00:00","dateModified":"2026-04-12T03:52:17+00:00","description":"M\u00f3c kh\u00f3a d\u1ec5 th\u01b0\u01a1ng, thi\u1ebft k\u1ebf \u0111a d\u1ea1ng, ch\u1ea5t li\u1ec7u b\u1ec1n \u0111\u1eb9p, ti\u1ec7n d\u1ee5ng treo ch\u00eca kh\u00f3a, balo, ph\u00f9 h\u1ee3p l\u00e0m qu\u00e0 t\u1eb7ng xinh x\u1eafn t\u1eb7ng b\u1ea1n b\u00e8.","breadcrumb":{"@id":"https:\/\/coffeecat.azdigi.shop\/index.php\/product\/moc-khoa\/#breadcrumb"},"inLanguage":"vi","potentialAction":[{"@type":"ReadAction","target":["https:\/\/coffeecat.azdigi.shop\/index.php\/product\/moc-khoa\/"]}]},{"@type":"ImageObject","inLanguage":"vi","@id":"https:\/\/coffeecat.azdigi.shop\/index.php\/product\/moc-khoa\/#primaryimage","url":"https:\/\/coffeecat.azdigi.shop\/wp-content\/uploads\/2026\/03\/z7664336686070_49beabd63634c446e959a8ade8a897f3.jpg","contentUrl":"https:\/\/coffeecat.azdigi.shop\/wp-content\/uploads\/2026\/03\/z7664336686070_49beabd63634c446e959a8ade8a897f3.jpg","width":1286,"height":1287},{"@type":"BreadcrumbList","@id":"https:\/\/coffeecat.azdigi.shop\/index.php\/product\/moc-khoa\/#breadcrumb","itemListElement":[{"@type":"ListItem","position":1,"name":"Home","item":"https:\/\/coffeecat.azdigi.shop\/"},{"@type":"ListItem","position":2,"name":"TRANG CH\u1ee6 1","item":"https:\/\/coffeecat.azdigi.shop\/"},{"@type":"ListItem","position":3,"name":"M\u00f3c Kh\u00f3a"}]},{"@type":"WebSite","@id":"https:\/\/coffeecat.azdigi.shop\/#website","url":"https:\/\/coffeecat.azdigi.shop\/","name":"thuyngan.com","description":"","potentialAction":[{"@type":"SearchAction","target":{"@type":"EntryPoint","urlTemplate":"https:\/\/coffeecat.azdigi.shop\/?s={search_term_string}"},"query-input":{"@type":"PropertyValueSpecification","valueRequired":true,"valueName":"search_term_string"}}],"inLanguage":"vi"}]}},"_links":{"self":[{"href":"https:\/\/coffeecat.azdigi.shop\/index.php\/wp-json\/wp\/v2\/product\/219","targetHints":{"allow":["GET"]}}],"collection":[{"href":"https:\/\/coffeecat.azdigi.shop\/index.php\/wp-json\/wp\/v2\/product"}],"about":[{"href":"https:\/\/coffeecat.azdigi.shop\/index.php\/wp-json\/wp\/v2\/types\/product"}],"replies":[{"embeddable":true,"href":"https:\/\/coffeecat.azdigi.shop\/index.php\/wp-json\/wp\/v2\/comments?post=219"}],"wp:featuredmedia":[{"embeddable":true,"href":"https:\/\/coffeecat.azdigi.shop\/index.php\/wp-json\/wp\/v2\/media\/225"}],"wp:attachment":[{"href":"https:\/\/coffeecat.azdigi.shop\/index.php\/wp-json\/wp\/v2\/media?parent=219"}],"wp:term":[{"taxonomy":"product_brand","embeddable":true,"href":"https:\/\/coffeecat.azdigi.shop\/index.php\/wp-json\/wp\/v2\/product_brand?post=219"},{"taxonomy":"product_cat","embeddable":true,"href":"https:\/\/coffeecat.azdigi.shop\/index.php\/wp-json\/wp\/v2\/product_cat?post=219"},{"taxonomy":"product_tag","embeddable":true,"href":"https:\/\/coffeecat.azdigi.shop\/index.php\/wp-json\/wp\/v2\/product_tag?post=219"}],"curies":[{"name":"wp","href":"https:\/\/api.w.org\/{rel}","templated":true}]}}