{"id":299,"date":"2026-03-27T13:12:12","date_gmt":"2026-03-27T13:12:12","guid":{"rendered":"https:\/\/coffeecat.azdigi.shop\/?post_type=product&#038;p=299"},"modified":"2026-04-12T03:17:25","modified_gmt":"2026-04-12T03:17:25","slug":"vong-co-cho-meo","status":"publish","type":"product","link":"https:\/\/coffeecat.azdigi.shop\/index.php\/product\/vong-co-cho-meo\/","title":{"rendered":"V\u00f2ng C\u1ed5 Cho M\u00e8o"},"content":{"rendered":"<p>V\u00f2ng c\u1ed5 cho m\u00e8o l\u00e0 ph\u1ee5 ki\u1ec7n kh\u00f4ng ch\u1ec9 gi\u00fap l\u00e0m \u0111\u1eb9p m\u00e0 c\u00f2n h\u1ed7 tr\u1ee3 qu\u1ea3n l\u00fd th\u00fa c\u01b0ng hi\u1ec7u qu\u1ea3. S\u1ea3n ph\u1ea9m \u0111\u01b0\u1ee3c thi\u1ebft k\u1ebf v\u1edbi ch\u1ea5t li\u1ec7u m\u1ec1m m\u1ea1i, an to\u00e0n, kh\u00f4ng g\u00e2y k\u00edch \u1ee9ng cho da c\u1ee7a m\u00e8o.<\/p>\n<p>V\u00f2ng c\u00f3 th\u1ec3 \u0111i\u1ec1u ch\u1ec9nh k\u00edch th\u01b0\u1edbc linh ho\u1ea1t, ph\u00f9 h\u1ee3p v\u1edbi nhi\u1ec1u gi\u1ed1ng m\u00e8o kh\u00e1c nhau. M\u1ed9t s\u1ed1 m\u1eabu c\u00f2n c\u00f3 chu\u00f4ng nh\u1ecf gi\u00fap b\u1ea1n d\u1ec5 d\u00e0ng nh\u1eadn bi\u1ebft v\u1ecb tr\u00ed c\u1ee7a th\u00fa c\u01b0ng.<\/p>\n<p>Thi\u1ebft k\u1ebf \u0111a d\u1ea1ng, m\u00e0u s\u1eafc b\u1eaft m\u1eaft gi\u00fap m\u00e8o tr\u1edf n\u00ean n\u1ed5i b\u1eadt v\u00e0 \u0111\u00e1ng y\u00eau h\u01a1n. \u0110\u00e2y l\u00e0 s\u1ea3n ph\u1ea9m c\u1ea7n thi\u1ebft cho nh\u1eefng ng\u01b0\u1eddi nu\u00f4i th\u00fa c\u01b0ng.<\/p>\n","protected":false},"excerpt":{"rendered":"<p>V\u00f2ng c\u1ed5 cho m\u00e8o thi\u1ebft k\u1ebf \u0111\u00e1ng y\u00eau, ch\u1ea5t li\u1ec7u m\u1ec1m m\u1ea1i, an to\u00e0n cho th\u00fa c\u01b0ng, c\u00f3 th\u1ec3 \u0111i\u1ec1u ch\u1ec9nh k\u00edch th\u01b0\u1edbc, ph\u00f9 h\u1ee3p cho m\u00e8o m\u1ecdi \u0111\u1ed9 tu\u1ed5i.<\/p>\n","protected":false},"featured_media":308,"comment_status":"open","ping_status":"closed","template":"","meta":[],"product_brand":[],"product_cat":[20],"product_tag":[],"class_list":{"0":"post-299","1":"product","2":"type-product","3":"status-publish","4":"has-post-thumbnail","6":"product_cat-uncategorized","8":"first","9":"instock","10":"shipping-taxable","11":"purchasable","12":"product-type-variable"},"yoast_head":"<!-- This site is optimized with the Yoast SEO plugin v26.8 - https:\/\/yoast.com\/product\/yoast-seo-wordpress\/ -->\n<title>V\u00f2ng C\u1ed5 Cho M\u00e8o - thuyngan.com<\/title>\n<meta name=\"description\" content=\"V\u00f2ng c\u1ed5 cho m\u00e8o thi\u1ebft k\u1ebf \u0111\u00e1ng y\u00eau, ch\u1ea5t li\u1ec7u m\u1ec1m m\u1ea1i, an to\u00e0n cho th\u00fa c\u01b0ng, c\u00f3 th\u1ec3 \u0111i\u1ec1u ch\u1ec9nh k\u00edch th\u01b0\u1edbc, ph\u00f9 h\u1ee3p cho m\u00e8o m\u1ecdi \u0111\u1ed9 tu\u1ed5i.\" \/>\n<meta name=\"robots\" content=\"noindex, follow, max-snippet:-1, max-image-preview:large, max-video-preview:-1\" \/>\n<meta property=\"og:locale\" content=\"vi_VN\" \/>\n<meta property=\"og:type\" content=\"article\" \/>\n<meta property=\"og:title\" content=\"V\u00f2ng C\u1ed5 Cho M\u00e8o - thuyngan.com\" \/>\n<meta property=\"og:description\" content=\"V\u00f2ng c\u1ed5 cho m\u00e8o thi\u1ebft k\u1ebf \u0111\u00e1ng y\u00eau, ch\u1ea5t li\u1ec7u m\u1ec1m m\u1ea1i, an to\u00e0n cho th\u00fa c\u01b0ng, c\u00f3 th\u1ec3 \u0111i\u1ec1u ch\u1ec9nh k\u00edch th\u01b0\u1edbc, ph\u00f9 h\u1ee3p cho m\u00e8o m\u1ecdi \u0111\u1ed9 tu\u1ed5i.\" \/>\n<meta property=\"og:url\" content=\"https:\/\/coffeecat.azdigi.shop\/index.php\/product\/vong-co-cho-meo\/\" \/>\n<meta property=\"og:site_name\" content=\"thuyngan.com\" \/>\n<meta property=\"article:modified_time\" content=\"2026-04-12T03:17:25+00:00\" \/>\n<meta property=\"og:image\" content=\"https:\/\/coffeecat.azdigi.shop\/wp-content\/uploads\/2026\/03\/vong-co-danh-cho-cho-meo-ma-vcdd177.jpg\" \/>\n\t<meta property=\"og:image:width\" content=\"500\" \/>\n\t<meta property=\"og:image:height\" content=\"500\" \/>\n\t<meta property=\"og:image:type\" content=\"image\/jpeg\" \/>\n<meta name=\"twitter:card\" content=\"summary_large_image\" \/>\n<meta name=\"twitter:label1\" content=\"\u01af\u1edbc t\u00ednh th\u1eddi gian \u0111\u1ecdc\" \/>\n\t<meta name=\"twitter:data1\" content=\"1 ph\u00fat\" \/>\n<script type=\"application\/ld+json\" class=\"yoast-schema-graph\">{\"@context\":\"https:\/\/schema.org\",\"@graph\":[{\"@type\":\"WebPage\",\"@id\":\"https:\/\/coffeecat.azdigi.shop\/index.php\/product\/vong-co-cho-meo\/\",\"url\":\"https:\/\/coffeecat.azdigi.shop\/index.php\/product\/vong-co-cho-meo\/\",\"name\":\"V\u00f2ng C\u1ed5 Cho M\u00e8o - thuyngan.com\",\"isPartOf\":{\"@id\":\"https:\/\/coffeecat.azdigi.shop\/#website\"},\"primaryImageOfPage\":{\"@id\":\"https:\/\/coffeecat.azdigi.shop\/index.php\/product\/vong-co-cho-meo\/#primaryimage\"},\"image\":{\"@id\":\"https:\/\/coffeecat.azdigi.shop\/index.php\/product\/vong-co-cho-meo\/#primaryimage\"},\"thumbnailUrl\":\"https:\/\/coffeecat.azdigi.shop\/wp-content\/uploads\/2026\/03\/vong-co-danh-cho-cho-meo-ma-vcdd177.jpg\",\"datePublished\":\"2026-03-27T13:12:12+00:00\",\"dateModified\":\"2026-04-12T03:17:25+00:00\",\"description\":\"V\u00f2ng c\u1ed5 cho m\u00e8o thi\u1ebft k\u1ebf \u0111\u00e1ng y\u00eau, ch\u1ea5t li\u1ec7u m\u1ec1m m\u1ea1i, an to\u00e0n cho th\u00fa c\u01b0ng, c\u00f3 th\u1ec3 \u0111i\u1ec1u ch\u1ec9nh k\u00edch th\u01b0\u1edbc, ph\u00f9 h\u1ee3p cho m\u00e8o m\u1ecdi \u0111\u1ed9 tu\u1ed5i.\",\"breadcrumb\":{\"@id\":\"https:\/\/coffeecat.azdigi.shop\/index.php\/product\/vong-co-cho-meo\/#breadcrumb\"},\"inLanguage\":\"vi\",\"potentialAction\":[{\"@type\":\"ReadAction\",\"target\":[\"https:\/\/coffeecat.azdigi.shop\/index.php\/product\/vong-co-cho-meo\/\"]}]},{\"@type\":\"ImageObject\",\"inLanguage\":\"vi\",\"@id\":\"https:\/\/coffeecat.azdigi.shop\/index.php\/product\/vong-co-cho-meo\/#primaryimage\",\"url\":\"https:\/\/coffeecat.azdigi.shop\/wp-content\/uploads\/2026\/03\/vong-co-danh-cho-cho-meo-ma-vcdd177.jpg\",\"contentUrl\":\"https:\/\/coffeecat.azdigi.shop\/wp-content\/uploads\/2026\/03\/vong-co-danh-cho-cho-meo-ma-vcdd177.jpg\",\"width\":500,\"height\":500},{\"@type\":\"BreadcrumbList\",\"@id\":\"https:\/\/coffeecat.azdigi.shop\/index.php\/product\/vong-co-cho-meo\/#breadcrumb\",\"itemListElement\":[{\"@type\":\"ListItem\",\"position\":1,\"name\":\"Home\",\"item\":\"https:\/\/coffeecat.azdigi.shop\/\"},{\"@type\":\"ListItem\",\"position\":2,\"name\":\"TRANG CH\u1ee6 1\",\"item\":\"https:\/\/coffeecat.azdigi.shop\/\"},{\"@type\":\"ListItem\",\"position\":3,\"name\":\"V\u00f2ng C\u1ed5 Cho M\u00e8o\"}]},{\"@type\":\"WebSite\",\"@id\":\"https:\/\/coffeecat.azdigi.shop\/#website\",\"url\":\"https:\/\/coffeecat.azdigi.shop\/\",\"name\":\"thuyngan.com\",\"description\":\"\",\"potentialAction\":[{\"@type\":\"SearchAction\",\"target\":{\"@type\":\"EntryPoint\",\"urlTemplate\":\"https:\/\/coffeecat.azdigi.shop\/?s={search_term_string}\"},\"query-input\":{\"@type\":\"PropertyValueSpecification\",\"valueRequired\":true,\"valueName\":\"search_term_string\"}}],\"inLanguage\":\"vi\"}]}<\/script>\n<!-- \/ Yoast SEO plugin. -->","yoast_head_json":{"title":"V\u00f2ng C\u1ed5 Cho M\u00e8o - thuyngan.com","description":"V\u00f2ng c\u1ed5 cho m\u00e8o thi\u1ebft k\u1ebf \u0111\u00e1ng y\u00eau, ch\u1ea5t li\u1ec7u m\u1ec1m m\u1ea1i, an to\u00e0n cho th\u00fa c\u01b0ng, c\u00f3 th\u1ec3 \u0111i\u1ec1u ch\u1ec9nh k\u00edch th\u01b0\u1edbc, ph\u00f9 h\u1ee3p cho m\u00e8o m\u1ecdi \u0111\u1ed9 tu\u1ed5i.","robots":{"index":"noindex","follow":"follow","max-snippet":"max-snippet:-1","max-image-preview":"max-image-preview:large","max-video-preview":"max-video-preview:-1"},"og_locale":"vi_VN","og_type":"article","og_title":"V\u00f2ng C\u1ed5 Cho M\u00e8o - thuyngan.com","og_description":"V\u00f2ng c\u1ed5 cho m\u00e8o thi\u1ebft k\u1ebf \u0111\u00e1ng y\u00eau, ch\u1ea5t li\u1ec7u m\u1ec1m m\u1ea1i, an to\u00e0n cho th\u00fa c\u01b0ng, c\u00f3 th\u1ec3 \u0111i\u1ec1u ch\u1ec9nh k\u00edch th\u01b0\u1edbc, ph\u00f9 h\u1ee3p cho m\u00e8o m\u1ecdi \u0111\u1ed9 tu\u1ed5i.","og_url":"https:\/\/coffeecat.azdigi.shop\/index.php\/product\/vong-co-cho-meo\/","og_site_name":"thuyngan.com","article_modified_time":"2026-04-12T03:17:25+00:00","og_image":[{"width":500,"height":500,"url":"https:\/\/coffeecat.azdigi.shop\/wp-content\/uploads\/2026\/03\/vong-co-danh-cho-cho-meo-ma-vcdd177.jpg","type":"image\/jpeg"}],"twitter_card":"summary_large_image","twitter_misc":{"\u01af\u1edbc t\u00ednh th\u1eddi gian \u0111\u1ecdc":"1 ph\u00fat"},"schema":{"@context":"https:\/\/schema.org","@graph":[{"@type":"WebPage","@id":"https:\/\/coffeecat.azdigi.shop\/index.php\/product\/vong-co-cho-meo\/","url":"https:\/\/coffeecat.azdigi.shop\/index.php\/product\/vong-co-cho-meo\/","name":"V\u00f2ng C\u1ed5 Cho M\u00e8o - thuyngan.com","isPartOf":{"@id":"https:\/\/coffeecat.azdigi.shop\/#website"},"primaryImageOfPage":{"@id":"https:\/\/coffeecat.azdigi.shop\/index.php\/product\/vong-co-cho-meo\/#primaryimage"},"image":{"@id":"https:\/\/coffeecat.azdigi.shop\/index.php\/product\/vong-co-cho-meo\/#primaryimage"},"thumbnailUrl":"https:\/\/coffeecat.azdigi.shop\/wp-content\/uploads\/2026\/03\/vong-co-danh-cho-cho-meo-ma-vcdd177.jpg","datePublished":"2026-03-27T13:12:12+00:00","dateModified":"2026-04-12T03:17:25+00:00","description":"V\u00f2ng c\u1ed5 cho m\u00e8o thi\u1ebft k\u1ebf \u0111\u00e1ng y\u00eau, ch\u1ea5t li\u1ec7u m\u1ec1m m\u1ea1i, an to\u00e0n cho th\u00fa c\u01b0ng, c\u00f3 th\u1ec3 \u0111i\u1ec1u ch\u1ec9nh k\u00edch th\u01b0\u1edbc, ph\u00f9 h\u1ee3p cho m\u00e8o m\u1ecdi \u0111\u1ed9 tu\u1ed5i.","breadcrumb":{"@id":"https:\/\/coffeecat.azdigi.shop\/index.php\/product\/vong-co-cho-meo\/#breadcrumb"},"inLanguage":"vi","potentialAction":[{"@type":"ReadAction","target":["https:\/\/coffeecat.azdigi.shop\/index.php\/product\/vong-co-cho-meo\/"]}]},{"@type":"ImageObject","inLanguage":"vi","@id":"https:\/\/coffeecat.azdigi.shop\/index.php\/product\/vong-co-cho-meo\/#primaryimage","url":"https:\/\/coffeecat.azdigi.shop\/wp-content\/uploads\/2026\/03\/vong-co-danh-cho-cho-meo-ma-vcdd177.jpg","contentUrl":"https:\/\/coffeecat.azdigi.shop\/wp-content\/uploads\/2026\/03\/vong-co-danh-cho-cho-meo-ma-vcdd177.jpg","width":500,"height":500},{"@type":"BreadcrumbList","@id":"https:\/\/coffeecat.azdigi.shop\/index.php\/product\/vong-co-cho-meo\/#breadcrumb","itemListElement":[{"@type":"ListItem","position":1,"name":"Home","item":"https:\/\/coffeecat.azdigi.shop\/"},{"@type":"ListItem","position":2,"name":"TRANG CH\u1ee6 1","item":"https:\/\/coffeecat.azdigi.shop\/"},{"@type":"ListItem","position":3,"name":"V\u00f2ng C\u1ed5 Cho M\u00e8o"}]},{"@type":"WebSite","@id":"https:\/\/coffeecat.azdigi.shop\/#website","url":"https:\/\/coffeecat.azdigi.shop\/","name":"thuyngan.com","description":"","potentialAction":[{"@type":"SearchAction","target":{"@type":"EntryPoint","urlTemplate":"https:\/\/coffeecat.azdigi.shop\/?s={search_term_string}"},"query-input":{"@type":"PropertyValueSpecification","valueRequired":true,"valueName":"search_term_string"}}],"inLanguage":"vi"}]}},"_links":{"self":[{"href":"https:\/\/coffeecat.azdigi.shop\/index.php\/wp-json\/wp\/v2\/product\/299","targetHints":{"allow":["GET"]}}],"collection":[{"href":"https:\/\/coffeecat.azdigi.shop\/index.php\/wp-json\/wp\/v2\/product"}],"about":[{"href":"https:\/\/coffeecat.azdigi.shop\/index.php\/wp-json\/wp\/v2\/types\/product"}],"replies":[{"embeddable":true,"href":"https:\/\/coffeecat.azdigi.shop\/index.php\/wp-json\/wp\/v2\/comments?post=299"}],"wp:featuredmedia":[{"embeddable":true,"href":"https:\/\/coffeecat.azdigi.shop\/index.php\/wp-json\/wp\/v2\/media\/308"}],"wp:attachment":[{"href":"https:\/\/coffeecat.azdigi.shop\/index.php\/wp-json\/wp\/v2\/media?parent=299"}],"wp:term":[{"taxonomy":"product_brand","embeddable":true,"href":"https:\/\/coffeecat.azdigi.shop\/index.php\/wp-json\/wp\/v2\/product_brand?post=299"},{"taxonomy":"product_cat","embeddable":true,"href":"https:\/\/coffeecat.azdigi.shop\/index.php\/wp-json\/wp\/v2\/product_cat?post=299"},{"taxonomy":"product_tag","embeddable":true,"href":"https:\/\/coffeecat.azdigi.shop\/index.php\/wp-json\/wp\/v2\/product_tag?post=299"}],"curies":[{"name":"wp","href":"https:\/\/api.w.org\/{rel}","templated":true}]}}